{"id":234,"date":"2024-04-27T10:59:48","date_gmt":"2024-04-27T08:59:48","guid":{"rendered":"https:\/\/polymer.sav.sk\/bypos2025\/?page_id=234"},"modified":"2024-04-27T12:00:15","modified_gmt":"2024-04-27T10:00:15","slug":"travel-and-transport","status":"publish","type":"page","link":"https:\/\/polymer.sav.sk\/bypos2025\/travel-and-transport\/","title":{"rendered":"Travel and transport"},"content":{"rendered":"\n<div class=\"wp-block-columns address is-layout-flex wp-container-core-columns-is-layout-9d6595d7 wp-block-columns-is-layout-flex\">\n<div class=\"wp-block-column is-vertically-aligned-center is-layout-flow wp-block-column-is-layout-flow\" style=\"flex-basis:33em\">\n<p><strong>Address: <\/strong>Hotel Familia, Tov\u00e1rensk\u00e1 7, 064 01 Star\u00e1 \u013dubov\u0148a, Slovakia<\/p>\n<\/div>\n\n\n\n<div class=\"wp-block-column is-vertically-aligned-center is-layout-flow wp-block-column-is-layout-flow\"><style>.kt-svg-icons234_181ad2-15 .kt-svg-item-0 .kb-svg-icon-wrap{color:var(--global-palette4, #2D3748);font-size:50px;}.wp-block-kadence-icon.kt-svg-icons234_181ad2-15{justify-content:flex-start;}<\/style>\n<div class=\"wp-block-kadence-icon kt-svg-icons kt-svg-icons234_181ad2-15 alignnone\"><style>.kt-svg-item-234_aa605a-e2 .kb-svg-icon-wrap, .kt-svg-style-stacked.kt-svg-item-234_aa605a-e2 .kb-svg-icon-wrap{font-size:30px;}<\/style>\n<div class=\"wp-block-kadence-single-icon kt-svg-style-default kt-svg-icon-wrap kt-svg-item-234_aa605a-e2\"><a href=\"https:\/\/maps.app.goo.gl\/jJVY8ULxPLYr9Hj28\" class=\"kt-svg-icon-link\" target=\"_blank\" rel=\"noopener noreferrer\"><span class=\"kb-svg-icon-wrap kb-svg-icon-fas_map-marked-alt\"><svg viewBox=\"0 0 576 512\"  fill=\"currentColor\" xmlns=\"http:\/\/www.w3.org\/2000\/svg\"  aria-hidden=\"true\"><path d=\"M288 0c-69.59 0-126 56.41-126 126 0 56.26 82.35 158.8 113.9 196.02 6.39 7.54 17.82 7.54 24.2 0C331.65 284.8 414 182.26 414 126 414 56.41 357.59 0 288 0zm0 168c-23.2 0-42-18.8-42-42s18.8-42 42-42 42 18.8 42 42-18.8 42-42 42zM20.12 215.95A32.006 32.006 0 0 0 0 245.66v250.32c0 11.32 11.43 19.06 21.94 14.86L160 448V214.92c-8.84-15.98-16.07-31.54-21.25-46.42L20.12 215.95zM288 359.67c-14.07 0-27.38-6.18-36.51-16.96-19.66-23.2-40.57-49.62-59.49-76.72v182l192 64V266c-18.92 27.09-39.82 53.52-59.49 76.72-9.13 10.77-22.44 16.95-36.51 16.95zm266.06-198.51L416 224v288l139.88-55.95A31.996 31.996 0 0 0 576 426.34V176.02c0-11.32-11.43-19.06-21.94-14.86z\"\/><\/svg><\/span><\/a><\/div>\n<\/div>\n<\/div>\n<\/div>\n\n\n\n<div style=\"height:1em\" aria-hidden=\"true\" class=\"wp-block-spacer\"><\/div>\n\n\n\n<h2 class=\"wp-block-heading\"><strong>How to reach us?<\/strong><\/h2>\n\n\n\n<p>To find buses and trains, enter the city you are leaving from:<\/p>\n\n\n<form action=\"https:\/\/cp.hnonline.sk\/en\/vlakbusmhd\/spojenie\/\" method=\"get\" target=\"_blank\"><input type=\"text\" name=\"f\" class=\"cesta\"><input type=\"hidden\" name=\"t\" value=\"Star\u00e1 \u013dubov\u0148a\"><input type=\"hidden\" name=\"date\" value=\"10.03.2025\"><input type=\"hidden\" name=\"time\" value=\"08:00\"><input type=\"hidden\" name=\"arr\" value=\"true\"><input type=\"submit\" value=\"&nbsp;Search&nbsp;\"><\/form>\n\n\n\n<div style=\"height:30px\" aria-hidden=\"true\" class=\"wp-block-spacer\"><\/div>\n\n\n\n<p>or enter the address from which you are departing by car:<\/p>\n\n\n<form action=\"\" method=\"post\" target=\"_blank\"><input type=\"text\" name=\"start\" class=\"cesta\"><input type=\"submit\" value=\"&nbsp;Search&nbsp;\"><\/form>\n\n\n\n<div style=\"height:50px\" aria-hidden=\"true\" class=\"wp-block-spacer\"><\/div>\n\n\n\n<p><strong>From Poprad \u2013 <\/strong>Poprad-Tatry train station and Poprad bus station are located next to each other. <strong>\u00a0<\/strong>Take the direct train or bus from Poprad to Star\u00e1 \u013dubov\u0148a, journey takes around 1 hour. Hotel is situated within 10 minutes walking distance from station Star\u00e1 \u013dubov\u0148a.\u00a0<\/p>\n\n\n\n<p><strong>From Poprad-Tatry airport<\/strong> \u2013 taxi from airport to Poprad station (~&nbsp;10 \u20ac). From there, follow the instructions \u201efrom Poprad\u201c.<\/p>\n\n\n\n<p><strong>From Bratislava train station \u2013 <\/strong>take the direct express train from Bratislava main train station to Poprad-Tatry, journey takes around 4 hours. From there, follow the instructions \u201efrom Poprad\u201c.<\/p>\n\n\n\n<p><strong>From Bratislava bus station \u2013 <\/strong>take the bus nr.40 from Bratislava bus station (Autobusova stanica) to Bratislava main train station (Hlavna stanica). From there, follow the instructions \u201efrom Bratislava train station\u201c.<\/p>\n\n\n\n<p><strong>From Bratislava airport &#8211; <\/strong>take the bus nr.61 from Bratislava airport to Bratislava main train station (Hlavna stanica). From there, follow the instructions \u201efrom Bratislava train station\u201c.&nbsp;<\/p>\n\n\n\n<p><strong>From Vienna airport<\/strong> &#8211; Take the Flixbus or Slovak lines from Vienna airport to Bratislava. Lines operate the bus stops at either Bratislava main train station or Bratislava bus station. From there, follow the instructions above.&nbsp;<\/p>\n\n\n\n<p><strong>From Vienna city center<\/strong> \u2013 Take the train from Vienna train station (Wien Hbf) to Bratislava main train station. From there, follow the instructions \u201efrom Bratislava train station\u201c.&nbsp;<\/p>\n\n\n\n<p><strong>From Ko\u0161ice <\/strong>\u2013 to reach the Ko\u0161ice train station from the Ko\u0161ice airport, take<strong> <\/strong>the bus nr.23. From Ko\u0161ice train station take the direct train to Poprad-Tatry and from there, follow the instructions \u201efrom Poprad\u201c.<\/p>\n\n\n\n<p><strong>From Krak\u00f3w &#8211; <\/strong>Take the Flixbus from Krak\u00f3w Dworzec Autobusowy MDA to Poprad bus station. From there, follow the instructions \u201efrom Poprad\u201c.<\/p>\n\n\n\n<p><strong>From Budapest \u2013 <\/strong>Flixbus operates the direct connection from Budapest airport or Budapest <strong>&nbsp;<\/strong>N\u00e9pliget bus station to Poprad. From there follow the instructions \u201efrom Poprad\u201c. Another option is take the direct train from Budapest-Keleti p\u00e1lyaudvar to Ko\u0161ice. From there, follow the instructions \u201efrom Ko\u0161ice\u201c.<\/p>\n\n\n\n<p><strong>From Prague \u2013 <\/strong>take the train from Prague to Poprad-Tatry. From there, follow the instructions \u201efrom Poprad\u201c.<\/p>\n","protected":false},"excerpt":{"rendered":"<p>Address: Hotel Familia, Tov\u00e1rensk\u00e1 7, 064 01 Star\u00e1 \u013dubov\u0148a, Slovakia How to reach us? To find buses and trains, enter the city you are leaving from: or enter the address from which you are departing by car: From Poprad \u2013 Poprad-Tatry train station and Poprad bus station are located next to each other. \u00a0Take the [&hellip;]<\/p>\n","protected":false},"author":1,"featured_media":0,"parent":0,"menu_order":0,"comment_status":"closed","ping_status":"closed","template":"","meta":{"ocean_post_layout":"","ocean_both_sidebars_style":"","ocean_both_sidebars_content_width":0,"ocean_both_sidebars_sidebars_width":0,"ocean_sidebar":"","ocean_second_sidebar":"","ocean_disable_margins":"enable","ocean_add_body_class":"","ocean_shortcode_before_top_bar":"","ocean_shortcode_after_top_bar":"","ocean_shortcode_before_header":"","ocean_shortcode_after_header":"","ocean_has_shortcode":"","ocean_shortcode_after_title":"","ocean_shortcode_before_footer_widgets":"","ocean_shortcode_after_footer_widgets":"","ocean_shortcode_before_footer_bottom":"","ocean_shortcode_after_footer_bottom":"","ocean_display_top_bar":"default","ocean_display_header":"default","ocean_header_style":"","ocean_center_header_left_menu":"","ocean_custom_header_template":"","ocean_custom_logo":0,"ocean_custom_retina_logo":0,"ocean_custom_logo_max_width":0,"ocean_custom_logo_tablet_max_width":0,"ocean_custom_logo_mobile_max_width":0,"ocean_custom_logo_max_height":0,"ocean_custom_logo_tablet_max_height":0,"ocean_custom_logo_mobile_max_height":0,"ocean_header_custom_menu":"","ocean_menu_typo_font_family":"","ocean_menu_typo_font_subset":"","ocean_menu_typo_font_size":0,"ocean_menu_typo_font_size_tablet":0,"ocean_menu_typo_font_size_mobile":0,"ocean_menu_typo_font_size_unit":"px","ocean_menu_typo_font_weight":"","ocean_menu_typo_font_weight_tablet":"","ocean_menu_typo_font_weight_mobile":"","ocean_menu_typo_transform":"","ocean_menu_typo_transform_tablet":"","ocean_menu_typo_transform_mobile":"","ocean_menu_typo_line_height":0,"ocean_menu_typo_line_height_tablet":0,"ocean_menu_typo_line_height_mobile":0,"ocean_menu_typo_line_height_unit":"","ocean_menu_typo_spacing":0,"ocean_menu_typo_spacing_tablet":0,"ocean_menu_typo_spacing_mobile":0,"ocean_menu_typo_spacing_unit":"","ocean_menu_link_color":"","ocean_menu_link_color_hover":"","ocean_menu_link_color_active":"","ocean_menu_link_background":"","ocean_menu_link_hover_background":"","ocean_menu_link_active_background":"","ocean_menu_social_links_bg":"","ocean_menu_social_hover_links_bg":"","ocean_menu_social_links_color":"","ocean_menu_social_hover_links_color":"","ocean_disable_title":"default","ocean_disable_heading":"default","ocean_post_title":"","ocean_post_subheading":"","ocean_post_title_style":"","ocean_post_title_background_color":"","ocean_post_title_background":0,"ocean_post_title_bg_image_position":"","ocean_post_title_bg_image_attachment":"","ocean_post_title_bg_image_repeat":"","ocean_post_title_bg_image_size":"","ocean_post_title_height":0,"ocean_post_title_bg_overlay":0.5,"ocean_post_title_bg_overlay_color":"","ocean_disable_breadcrumbs":"default","ocean_breadcrumbs_color":"","ocean_breadcrumbs_separator_color":"","ocean_breadcrumbs_links_color":"","ocean_breadcrumbs_links_hover_color":"","ocean_display_footer_widgets":"default","ocean_display_footer_bottom":"default","ocean_custom_footer_template":"","footnotes":""},"class_list":["post-234","page","type-page","status-publish","hentry","entry"],"yoast_head":"<!-- This site is optimized with the Yoast SEO plugin v27.4 - https:\/\/yoast.com\/product\/yoast-seo-wordpress\/ -->\n<title>Travel and transport - 10th Bratislava Young Polymer Scientists Conference<\/title>\n<meta name=\"robots\" content=\"index, follow, max-snippet:-1, max-image-preview:large, max-video-preview:-1\" \/>\n<link rel=\"canonical\" href=\"https:\/\/polymer.sav.sk\/bypos2025\/travel-and-transport\/\" \/>\n<meta property=\"og:locale\" content=\"sk_SK\" \/>\n<meta property=\"og:type\" content=\"article\" \/>\n<meta property=\"og:title\" content=\"Travel and transport - 10th Bratislava Young Polymer Scientists Conference\" \/>\n<meta property=\"og:description\" content=\"Address: Hotel Familia, Tov\u00e1rensk\u00e1 7, 064 01 Star\u00e1 \u013dubov\u0148a, Slovakia How to reach us? To find buses and trains, enter the city you are leaving from: or enter the address from which you are departing by car: From Poprad \u2013 Poprad-Tatry train station and Poprad bus station are located next to each other. \u00a0Take the [&hellip;]\" \/>\n<meta property=\"og:url\" content=\"https:\/\/polymer.sav.sk\/bypos2025\/travel-and-transport\/\" \/>\n<meta property=\"og:site_name\" content=\"10th Bratislava Young Polymer Scientists Conference\" \/>\n<meta property=\"article:modified_time\" content=\"2024-04-27T10:00:15+00:00\" \/>\n<meta name=\"twitter:card\" content=\"summary_large_image\" \/>\n<meta name=\"twitter:label1\" content=\"Predpokladan\u00fd \u010das \u010d\u00edtania\" \/>\n\t<meta name=\"twitter:data1\" content=\"2 min\u00faty\" \/>\n<script type=\"application\/ld+json\" class=\"yoast-schema-graph\">{\"@context\":\"https:\\\/\\\/schema.org\",\"@graph\":[{\"@type\":\"WebPage\",\"@id\":\"https:\\\/\\\/polymer.sav.sk\\\/bypos2025\\\/travel-and-transport\\\/\",\"url\":\"https:\\\/\\\/polymer.sav.sk\\\/bypos2025\\\/travel-and-transport\\\/\",\"name\":\"Travel and transport - 10th Bratislava Young Polymer Scientists Conference\",\"isPartOf\":{\"@id\":\"https:\\\/\\\/polymer.sav.sk\\\/bypos2025\\\/#website\"},\"datePublished\":\"2024-04-27T08:59:48+00:00\",\"dateModified\":\"2024-04-27T10:00:15+00:00\",\"breadcrumb\":{\"@id\":\"https:\\\/\\\/polymer.sav.sk\\\/bypos2025\\\/travel-and-transport\\\/#breadcrumb\"},\"inLanguage\":\"sk-SK\",\"potentialAction\":[{\"@type\":\"ReadAction\",\"target\":[\"https:\\\/\\\/polymer.sav.sk\\\/bypos2025\\\/travel-and-transport\\\/\"]}]},{\"@type\":\"BreadcrumbList\",\"@id\":\"https:\\\/\\\/polymer.sav.sk\\\/bypos2025\\\/travel-and-transport\\\/#breadcrumb\",\"itemListElement\":[{\"@type\":\"ListItem\",\"position\":1,\"name\":\"Domovsk\u00e1 str\u00e1nka\",\"item\":\"https:\\\/\\\/polymer.sav.sk\\\/bypos2025\\\/\"},{\"@type\":\"ListItem\",\"position\":2,\"name\":\"Travel and transport\"}]},{\"@type\":\"WebSite\",\"@id\":\"https:\\\/\\\/polymer.sav.sk\\\/bypos2025\\\/#website\",\"url\":\"https:\\\/\\\/polymer.sav.sk\\\/bypos2025\\\/\",\"name\":\"10th Bratislava Young Polymer Scientists Conference\",\"description\":\"\",\"publisher\":{\"@id\":\"https:\\\/\\\/polymer.sav.sk\\\/bypos2025\\\/#organization\"},\"potentialAction\":[{\"@type\":\"SearchAction\",\"target\":{\"@type\":\"EntryPoint\",\"urlTemplate\":\"https:\\\/\\\/polymer.sav.sk\\\/bypos2025\\\/?s={search_term_string}\"},\"query-input\":{\"@type\":\"PropertyValueSpecification\",\"valueRequired\":true,\"valueName\":\"search_term_string\"}}],\"inLanguage\":\"sk-SK\"},{\"@type\":\"Organization\",\"@id\":\"https:\\\/\\\/polymer.sav.sk\\\/bypos2025\\\/#organization\",\"name\":\"10th Bratislava Young Polymer Scientists Conference\",\"url\":\"https:\\\/\\\/polymer.sav.sk\\\/bypos2025\\\/\",\"logo\":{\"@type\":\"ImageObject\",\"inLanguage\":\"sk-SK\",\"@id\":\"https:\\\/\\\/polymer.sav.sk\\\/bypos2025\\\/#\\\/schema\\\/logo\\\/image\\\/\",\"url\":\"https:\\\/\\\/polymer.sav.sk\\\/bypos2025\\\/wp-content\\\/uploads\\\/logoBYPoS2025-1200.png\",\"contentUrl\":\"https:\\\/\\\/polymer.sav.sk\\\/bypos2025\\\/wp-content\\\/uploads\\\/logoBYPoS2025-1200.png\",\"width\":1200,\"height\":1200,\"caption\":\"10th Bratislava Young Polymer Scientists Conference\"},\"image\":{\"@id\":\"https:\\\/\\\/polymer.sav.sk\\\/bypos2025\\\/#\\\/schema\\\/logo\\\/image\\\/\"}}]}<\/script>\n<!-- \/ Yoast SEO plugin. -->","yoast_head_json":{"title":"Travel and transport - 10th Bratislava Young Polymer Scientists Conference","robots":{"index":"index","follow":"follow","max-snippet":"max-snippet:-1","max-image-preview":"max-image-preview:large","max-video-preview":"max-video-preview:-1"},"canonical":"https:\/\/polymer.sav.sk\/bypos2025\/travel-and-transport\/","og_locale":"sk_SK","og_type":"article","og_title":"Travel and transport - 10th Bratislava Young Polymer Scientists Conference","og_description":"Address: Hotel Familia, Tov\u00e1rensk\u00e1 7, 064 01 Star\u00e1 \u013dubov\u0148a, Slovakia How to reach us? To find buses and trains, enter the city you are leaving from: or enter the address from which you are departing by car: From Poprad \u2013 Poprad-Tatry train station and Poprad bus station are located next to each other. \u00a0Take the [&hellip;]","og_url":"https:\/\/polymer.sav.sk\/bypos2025\/travel-and-transport\/","og_site_name":"10th Bratislava Young Polymer Scientists Conference","article_modified_time":"2024-04-27T10:00:15+00:00","twitter_card":"summary_large_image","twitter_misc":{"Predpokladan\u00fd \u010das \u010d\u00edtania":"2 min\u00faty"},"schema":{"@context":"https:\/\/schema.org","@graph":[{"@type":"WebPage","@id":"https:\/\/polymer.sav.sk\/bypos2025\/travel-and-transport\/","url":"https:\/\/polymer.sav.sk\/bypos2025\/travel-and-transport\/","name":"Travel and transport - 10th Bratislava Young Polymer Scientists Conference","isPartOf":{"@id":"https:\/\/polymer.sav.sk\/bypos2025\/#website"},"datePublished":"2024-04-27T08:59:48+00:00","dateModified":"2024-04-27T10:00:15+00:00","breadcrumb":{"@id":"https:\/\/polymer.sav.sk\/bypos2025\/travel-and-transport\/#breadcrumb"},"inLanguage":"sk-SK","potentialAction":[{"@type":"ReadAction","target":["https:\/\/polymer.sav.sk\/bypos2025\/travel-and-transport\/"]}]},{"@type":"BreadcrumbList","@id":"https:\/\/polymer.sav.sk\/bypos2025\/travel-and-transport\/#breadcrumb","itemListElement":[{"@type":"ListItem","position":1,"name":"Domovsk\u00e1 str\u00e1nka","item":"https:\/\/polymer.sav.sk\/bypos2025\/"},{"@type":"ListItem","position":2,"name":"Travel and transport"}]},{"@type":"WebSite","@id":"https:\/\/polymer.sav.sk\/bypos2025\/#website","url":"https:\/\/polymer.sav.sk\/bypos2025\/","name":"10th Bratislava Young Polymer Scientists Conference","description":"","publisher":{"@id":"https:\/\/polymer.sav.sk\/bypos2025\/#organization"},"potentialAction":[{"@type":"SearchAction","target":{"@type":"EntryPoint","urlTemplate":"https:\/\/polymer.sav.sk\/bypos2025\/?s={search_term_string}"},"query-input":{"@type":"PropertyValueSpecification","valueRequired":true,"valueName":"search_term_string"}}],"inLanguage":"sk-SK"},{"@type":"Organization","@id":"https:\/\/polymer.sav.sk\/bypos2025\/#organization","name":"10th Bratislava Young Polymer Scientists Conference","url":"https:\/\/polymer.sav.sk\/bypos2025\/","logo":{"@type":"ImageObject","inLanguage":"sk-SK","@id":"https:\/\/polymer.sav.sk\/bypos2025\/#\/schema\/logo\/image\/","url":"https:\/\/polymer.sav.sk\/bypos2025\/wp-content\/uploads\/logoBYPoS2025-1200.png","contentUrl":"https:\/\/polymer.sav.sk\/bypos2025\/wp-content\/uploads\/logoBYPoS2025-1200.png","width":1200,"height":1200,"caption":"10th Bratislava Young Polymer Scientists Conference"},"image":{"@id":"https:\/\/polymer.sav.sk\/bypos2025\/#\/schema\/logo\/image\/"}}]}},"_links":{"self":[{"href":"https:\/\/polymer.sav.sk\/bypos2025\/wp-json\/wp\/v2\/pages\/234","targetHints":{"allow":["GET"]}}],"collection":[{"href":"https:\/\/polymer.sav.sk\/bypos2025\/wp-json\/wp\/v2\/pages"}],"about":[{"href":"https:\/\/polymer.sav.sk\/bypos2025\/wp-json\/wp\/v2\/types\/page"}],"author":[{"embeddable":true,"href":"https:\/\/polymer.sav.sk\/bypos2025\/wp-json\/wp\/v2\/users\/1"}],"replies":[{"embeddable":true,"href":"https:\/\/polymer.sav.sk\/bypos2025\/wp-json\/wp\/v2\/comments?post=234"}],"version-history":[{"count":5,"href":"https:\/\/polymer.sav.sk\/bypos2025\/wp-json\/wp\/v2\/pages\/234\/revisions"}],"predecessor-version":[{"id":257,"href":"https:\/\/polymer.sav.sk\/bypos2025\/wp-json\/wp\/v2\/pages\/234\/revisions\/257"}],"wp:attachment":[{"href":"https:\/\/polymer.sav.sk\/bypos2025\/wp-json\/wp\/v2\/media?parent=234"}],"curies":[{"name":"wp","href":"https:\/\/api.w.org\/{rel}","templated":true}]}}