{"id":325,"date":"2024-04-27T14:12:05","date_gmt":"2024-04-27T12:12:05","guid":{"rendered":"https:\/\/polymer.sav.sk\/bypos2025\/?page_id=325"},"modified":"2024-04-27T14:14:26","modified_gmt":"2024-04-27T12:14:26","slug":"useful-links","status":"publish","type":"page","link":"https:\/\/polymer.sav.sk\/bypos2025\/useful-links\/","title":{"rendered":"Useful links"},"content":{"rendered":"\n<h2 class=\"wp-block-heading\"><strong>Public travelling<\/strong><\/h2>\n\n\n\n<p>Railways:\u00a0<a href=\"https:\/\/www.zssk.sk\/\" target=\"_blank\" rel=\"noreferrer noopener\">www.zssk.sk<\/a><\/p>\n\n\n\n<p>Train and buses (Timetable):\u00a0<a href=\"https:\/\/cp.hnonline.sk\/vlakbusmhd\/spojenie\/\" target=\"_blank\" rel=\"noreferrer noopener\">cp.hnonline.sk\/vlakbusmhd\/spojenie\/<\/a>\u00a0(in Slovak, English and German languages)<\/p>\n\n\n\n<p>Flixbus (bus transport):\u00a0<a href=\"https:\/\/global.flixbus.com\/\" target=\"_blank\" rel=\"noreferrer noopener\">global.flixbus.com<\/a><\/p>\n\n\n\n<p>Electronic system for vignette payment: <a href=\"https:\/\/www.eznamka.sk\">www.eznamka.sk<\/a><\/p>\n\n\n\n<p><a href=\"https:\/\/www.viennaairport.com\/en\/passengers\" target=\"_blank\" rel=\"noreferrer noopener\">Vienna airport<\/a><\/p>\n\n\n\n<p><a href=\"https:\/\/www.bts.aero\/en\/\" target=\"_blank\" rel=\"noreferrer noopener\">Bratislava airport<\/a><\/p>\n\n\n\n<h2 class=\"wp-block-heading\"><strong>Polymer Institute SAS<\/strong><\/h2>\n\n\n\n<p><a href=\"http:\/\/www.polymer.sav.sk\/\" target=\"_blank\" rel=\"noreferrer noopener\">www.polymer.sav.sk<\/a><\/p>\n\n\n\n<p>Facebook:&nbsp;<a href=\"https:\/\/www.facebook.com\/polymerySAV\" target=\"_blank\" rel=\"noreferrer noopener\">www.facebook.com\/polymerySAV<\/a><br>Instagram:&nbsp;<a href=\"https:\/\/www.instagram.com\/ustavpolymerov_sav\" target=\"_blank\" rel=\"noreferrer noopener\">www.instagram.com\/ustavpolymerov_sav<\/a><\/p>\n","protected":false},"excerpt":{"rendered":"<p>Public travelling Railways:\u00a0www.zssk.sk Train and buses (Timetable):\u00a0cp.hnonline.sk\/vlakbusmhd\/spojenie\/\u00a0(in Slovak, English and German languages) Flixbus (bus transport):\u00a0global.flixbus.com Electronic system for vignette payment: www.eznamka.sk Vienna airport Bratislava airport Polymer Institute SAS www.polymer.sav.sk Facebook:&nbsp;www.facebook.com\/polymerySAVInstagram:&nbsp;www.instagram.com\/ustavpolymerov_sav<\/p>\n","protected":false},"author":1,"featured_media":0,"parent":0,"menu_order":0,"comment_status":"closed","ping_status":"closed","template":"","meta":{"ocean_post_layout":"","ocean_both_sidebars_style":"","ocean_both_sidebars_content_width":0,"ocean_both_sidebars_sidebars_width":0,"ocean_sidebar":"","ocean_second_sidebar":"","ocean_disable_margins":"enable","ocean_add_body_class":"","ocean_shortcode_before_top_bar":"","ocean_shortcode_after_top_bar":"","ocean_shortcode_before_header":"","ocean_shortcode_after_header":"","ocean_has_shortcode":"","ocean_shortcode_after_title":"","ocean_shortcode_before_footer_widgets":"","ocean_shortcode_after_footer_widgets":"","ocean_shortcode_before_footer_bottom":"","ocean_shortcode_after_footer_bottom":"","ocean_display_top_bar":"default","ocean_display_header":"default","ocean_header_style":"","ocean_center_header_left_menu":"","ocean_custom_header_template":"","ocean_custom_logo":0,"ocean_custom_retina_logo":0,"ocean_custom_logo_max_width":0,"ocean_custom_logo_tablet_max_width":0,"ocean_custom_logo_mobile_max_width":0,"ocean_custom_logo_max_height":0,"ocean_custom_logo_tablet_max_height":0,"ocean_custom_logo_mobile_max_height":0,"ocean_header_custom_menu":"","ocean_menu_typo_font_family":"","ocean_menu_typo_font_subset":"","ocean_menu_typo_font_size":0,"ocean_menu_typo_font_size_tablet":0,"ocean_menu_typo_font_size_mobile":0,"ocean_menu_typo_font_size_unit":"px","ocean_menu_typo_font_weight":"","ocean_menu_typo_font_weight_tablet":"","ocean_menu_typo_font_weight_mobile":"","ocean_menu_typo_transform":"","ocean_menu_typo_transform_tablet":"","ocean_menu_typo_transform_mobile":"","ocean_menu_typo_line_height":0,"ocean_menu_typo_line_height_tablet":0,"ocean_menu_typo_line_height_mobile":0,"ocean_menu_typo_line_height_unit":"","ocean_menu_typo_spacing":0,"ocean_menu_typo_spacing_tablet":0,"ocean_menu_typo_spacing_mobile":0,"ocean_menu_typo_spacing_unit":"","ocean_menu_link_color":"","ocean_menu_link_color_hover":"","ocean_menu_link_color_active":"","ocean_menu_link_background":"","ocean_menu_link_hover_background":"","ocean_menu_link_active_background":"","ocean_menu_social_links_bg":"","ocean_menu_social_hover_links_bg":"","ocean_menu_social_links_color":"","ocean_menu_social_hover_links_color":"","ocean_disable_title":"default","ocean_disable_heading":"default","ocean_post_title":"","ocean_post_subheading":"","ocean_post_title_style":"","ocean_post_title_background_color":"","ocean_post_title_background":0,"ocean_post_title_bg_image_position":"","ocean_post_title_bg_image_attachment":"","ocean_post_title_bg_image_repeat":"","ocean_post_title_bg_image_size":"","ocean_post_title_height":0,"ocean_post_title_bg_overlay":0.5,"ocean_post_title_bg_overlay_color":"","ocean_disable_breadcrumbs":"default","ocean_breadcrumbs_color":"","ocean_breadcrumbs_separator_color":"","ocean_breadcrumbs_links_color":"","ocean_breadcrumbs_links_hover_color":"","ocean_display_footer_widgets":"default","ocean_display_footer_bottom":"default","ocean_custom_footer_template":"","footnotes":""},"class_list":["post-325","page","type-page","status-publish","hentry","entry"],"yoast_head":"<!-- This site is optimized with the Yoast SEO plugin v27.4 - https:\/\/yoast.com\/product\/yoast-seo-wordpress\/ -->\n<title>Useful links - 10th Bratislava Young Polymer Scientists Conference<\/title>\n<meta name=\"robots\" content=\"index, follow, max-snippet:-1, max-image-preview:large, max-video-preview:-1\" \/>\n<link rel=\"canonical\" href=\"https:\/\/polymer.sav.sk\/bypos2025\/useful-links\/\" \/>\n<meta property=\"og:locale\" content=\"sk_SK\" \/>\n<meta property=\"og:type\" content=\"article\" \/>\n<meta property=\"og:title\" content=\"Useful links - 10th Bratislava Young Polymer Scientists Conference\" \/>\n<meta property=\"og:description\" content=\"Public travelling Railways:\u00a0www.zssk.sk Train and buses (Timetable):\u00a0cp.hnonline.sk\/vlakbusmhd\/spojenie\/\u00a0(in Slovak, English and German languages) Flixbus (bus transport):\u00a0global.flixbus.com Electronic system for vignette payment: www.eznamka.sk Vienna airport Bratislava airport Polymer Institute SAS www.polymer.sav.sk Facebook:&nbsp;www.facebook.com\/polymerySAVInstagram:&nbsp;www.instagram.com\/ustavpolymerov_sav\" \/>\n<meta property=\"og:url\" content=\"https:\/\/polymer.sav.sk\/bypos2025\/useful-links\/\" \/>\n<meta property=\"og:site_name\" content=\"10th Bratislava Young Polymer Scientists Conference\" \/>\n<meta property=\"article:modified_time\" content=\"2024-04-27T12:14:26+00:00\" \/>\n<meta name=\"twitter:card\" content=\"summary_large_image\" \/>\n<meta name=\"twitter:label1\" content=\"Predpokladan\u00fd \u010das \u010d\u00edtania\" \/>\n\t<meta name=\"twitter:data1\" content=\"1 min\u00fata\" \/>\n<script type=\"application\/ld+json\" class=\"yoast-schema-graph\">{\"@context\":\"https:\\\/\\\/schema.org\",\"@graph\":[{\"@type\":\"WebPage\",\"@id\":\"https:\\\/\\\/polymer.sav.sk\\\/bypos2025\\\/useful-links\\\/\",\"url\":\"https:\\\/\\\/polymer.sav.sk\\\/bypos2025\\\/useful-links\\\/\",\"name\":\"Useful links - 10th Bratislava Young Polymer Scientists Conference\",\"isPartOf\":{\"@id\":\"https:\\\/\\\/polymer.sav.sk\\\/bypos2025\\\/#website\"},\"datePublished\":\"2024-04-27T12:12:05+00:00\",\"dateModified\":\"2024-04-27T12:14:26+00:00\",\"breadcrumb\":{\"@id\":\"https:\\\/\\\/polymer.sav.sk\\\/bypos2025\\\/useful-links\\\/#breadcrumb\"},\"inLanguage\":\"sk-SK\",\"potentialAction\":[{\"@type\":\"ReadAction\",\"target\":[\"https:\\\/\\\/polymer.sav.sk\\\/bypos2025\\\/useful-links\\\/\"]}]},{\"@type\":\"BreadcrumbList\",\"@id\":\"https:\\\/\\\/polymer.sav.sk\\\/bypos2025\\\/useful-links\\\/#breadcrumb\",\"itemListElement\":[{\"@type\":\"ListItem\",\"position\":1,\"name\":\"Domovsk\u00e1 str\u00e1nka\",\"item\":\"https:\\\/\\\/polymer.sav.sk\\\/bypos2025\\\/\"},{\"@type\":\"ListItem\",\"position\":2,\"name\":\"Useful links\"}]},{\"@type\":\"WebSite\",\"@id\":\"https:\\\/\\\/polymer.sav.sk\\\/bypos2025\\\/#website\",\"url\":\"https:\\\/\\\/polymer.sav.sk\\\/bypos2025\\\/\",\"name\":\"10th Bratislava Young Polymer Scientists Conference\",\"description\":\"\",\"publisher\":{\"@id\":\"https:\\\/\\\/polymer.sav.sk\\\/bypos2025\\\/#organization\"},\"potentialAction\":[{\"@type\":\"SearchAction\",\"target\":{\"@type\":\"EntryPoint\",\"urlTemplate\":\"https:\\\/\\\/polymer.sav.sk\\\/bypos2025\\\/?s={search_term_string}\"},\"query-input\":{\"@type\":\"PropertyValueSpecification\",\"valueRequired\":true,\"valueName\":\"search_term_string\"}}],\"inLanguage\":\"sk-SK\"},{\"@type\":\"Organization\",\"@id\":\"https:\\\/\\\/polymer.sav.sk\\\/bypos2025\\\/#organization\",\"name\":\"10th Bratislava Young Polymer Scientists Conference\",\"url\":\"https:\\\/\\\/polymer.sav.sk\\\/bypos2025\\\/\",\"logo\":{\"@type\":\"ImageObject\",\"inLanguage\":\"sk-SK\",\"@id\":\"https:\\\/\\\/polymer.sav.sk\\\/bypos2025\\\/#\\\/schema\\\/logo\\\/image\\\/\",\"url\":\"https:\\\/\\\/polymer.sav.sk\\\/bypos2025\\\/wp-content\\\/uploads\\\/logoBYPoS2025-1200.png\",\"contentUrl\":\"https:\\\/\\\/polymer.sav.sk\\\/bypos2025\\\/wp-content\\\/uploads\\\/logoBYPoS2025-1200.png\",\"width\":1200,\"height\":1200,\"caption\":\"10th Bratislava Young Polymer Scientists Conference\"},\"image\":{\"@id\":\"https:\\\/\\\/polymer.sav.sk\\\/bypos2025\\\/#\\\/schema\\\/logo\\\/image\\\/\"}}]}<\/script>\n<!-- \/ Yoast SEO plugin. -->","yoast_head_json":{"title":"Useful links - 10th Bratislava Young Polymer Scientists Conference","robots":{"index":"index","follow":"follow","max-snippet":"max-snippet:-1","max-image-preview":"max-image-preview:large","max-video-preview":"max-video-preview:-1"},"canonical":"https:\/\/polymer.sav.sk\/bypos2025\/useful-links\/","og_locale":"sk_SK","og_type":"article","og_title":"Useful links - 10th Bratislava Young Polymer Scientists Conference","og_description":"Public travelling Railways:\u00a0www.zssk.sk Train and buses (Timetable):\u00a0cp.hnonline.sk\/vlakbusmhd\/spojenie\/\u00a0(in Slovak, English and German languages) Flixbus (bus transport):\u00a0global.flixbus.com Electronic system for vignette payment: www.eznamka.sk Vienna airport Bratislava airport Polymer Institute SAS www.polymer.sav.sk Facebook:&nbsp;www.facebook.com\/polymerySAVInstagram:&nbsp;www.instagram.com\/ustavpolymerov_sav","og_url":"https:\/\/polymer.sav.sk\/bypos2025\/useful-links\/","og_site_name":"10th Bratislava Young Polymer Scientists Conference","article_modified_time":"2024-04-27T12:14:26+00:00","twitter_card":"summary_large_image","twitter_misc":{"Predpokladan\u00fd \u010das \u010d\u00edtania":"1 min\u00fata"},"schema":{"@context":"https:\/\/schema.org","@graph":[{"@type":"WebPage","@id":"https:\/\/polymer.sav.sk\/bypos2025\/useful-links\/","url":"https:\/\/polymer.sav.sk\/bypos2025\/useful-links\/","name":"Useful links - 10th Bratislava Young Polymer Scientists Conference","isPartOf":{"@id":"https:\/\/polymer.sav.sk\/bypos2025\/#website"},"datePublished":"2024-04-27T12:12:05+00:00","dateModified":"2024-04-27T12:14:26+00:00","breadcrumb":{"@id":"https:\/\/polymer.sav.sk\/bypos2025\/useful-links\/#breadcrumb"},"inLanguage":"sk-SK","potentialAction":[{"@type":"ReadAction","target":["https:\/\/polymer.sav.sk\/bypos2025\/useful-links\/"]}]},{"@type":"BreadcrumbList","@id":"https:\/\/polymer.sav.sk\/bypos2025\/useful-links\/#breadcrumb","itemListElement":[{"@type":"ListItem","position":1,"name":"Domovsk\u00e1 str\u00e1nka","item":"https:\/\/polymer.sav.sk\/bypos2025\/"},{"@type":"ListItem","position":2,"name":"Useful links"}]},{"@type":"WebSite","@id":"https:\/\/polymer.sav.sk\/bypos2025\/#website","url":"https:\/\/polymer.sav.sk\/bypos2025\/","name":"10th Bratislava Young Polymer Scientists Conference","description":"","publisher":{"@id":"https:\/\/polymer.sav.sk\/bypos2025\/#organization"},"potentialAction":[{"@type":"SearchAction","target":{"@type":"EntryPoint","urlTemplate":"https:\/\/polymer.sav.sk\/bypos2025\/?s={search_term_string}"},"query-input":{"@type":"PropertyValueSpecification","valueRequired":true,"valueName":"search_term_string"}}],"inLanguage":"sk-SK"},{"@type":"Organization","@id":"https:\/\/polymer.sav.sk\/bypos2025\/#organization","name":"10th Bratislava Young Polymer Scientists Conference","url":"https:\/\/polymer.sav.sk\/bypos2025\/","logo":{"@type":"ImageObject","inLanguage":"sk-SK","@id":"https:\/\/polymer.sav.sk\/bypos2025\/#\/schema\/logo\/image\/","url":"https:\/\/polymer.sav.sk\/bypos2025\/wp-content\/uploads\/logoBYPoS2025-1200.png","contentUrl":"https:\/\/polymer.sav.sk\/bypos2025\/wp-content\/uploads\/logoBYPoS2025-1200.png","width":1200,"height":1200,"caption":"10th Bratislava Young Polymer Scientists Conference"},"image":{"@id":"https:\/\/polymer.sav.sk\/bypos2025\/#\/schema\/logo\/image\/"}}]}},"_links":{"self":[{"href":"https:\/\/polymer.sav.sk\/bypos2025\/wp-json\/wp\/v2\/pages\/325","targetHints":{"allow":["GET"]}}],"collection":[{"href":"https:\/\/polymer.sav.sk\/bypos2025\/wp-json\/wp\/v2\/pages"}],"about":[{"href":"https:\/\/polymer.sav.sk\/bypos2025\/wp-json\/wp\/v2\/types\/page"}],"author":[{"embeddable":true,"href":"https:\/\/polymer.sav.sk\/bypos2025\/wp-json\/wp\/v2\/users\/1"}],"replies":[{"embeddable":true,"href":"https:\/\/polymer.sav.sk\/bypos2025\/wp-json\/wp\/v2\/comments?post=325"}],"version-history":[{"count":4,"href":"https:\/\/polymer.sav.sk\/bypos2025\/wp-json\/wp\/v2\/pages\/325\/revisions"}],"predecessor-version":[{"id":330,"href":"https:\/\/polymer.sav.sk\/bypos2025\/wp-json\/wp\/v2\/pages\/325\/revisions\/330"}],"wp:attachment":[{"href":"https:\/\/polymer.sav.sk\/bypos2025\/wp-json\/wp\/v2\/media?parent=325"}],"curies":[{"name":"wp","href":"https:\/\/api.w.org\/{rel}","templated":true}]}}